{"id":8,"date":"2025-01-14T11:23:50","date_gmt":"2025-01-14T11:23:50","guid":{"rendered":"https:\/\/praktijkrelatiegeluk.nl\/?page_id=8"},"modified":"2026-04-15T10:03:20","modified_gmt":"2026-04-15T08:03:20","slug":"home","status":"publish","type":"page","link":"https:\/\/praktijkrelatiegeluk.nl\/","title":{"rendered":"Home"},"content":{"rendered":"<div class=\"brz brz-root__container brz-reset-all brz-root__container-page\" >\n<section id=\"f4pBXjQX1v7p_f4pBXjQX1v7p\" class=\"brz-section brz-css-d-section brz-css-6x4pnf\">\n<div class=\"brz-section__content brz-section--boxed brz-css-d-sectionitem-bg brz-css-1vwtung\" data-brz-custom-id=\"lvti7mKZsebZ\">\n<div class=\"brz-bg\">\n<div class=\"brz-bg-color\"><\/div>\n<\/div>\n<div class=\"brz-container brz-css-d-sectionitem-container brz-css-1q74skg\">\n<div id=\"\" class=\"brz-css-d-wrapper brz-css-2al59e brz-wrapper\">\n<div class=\"brz-rich-text brz-rich-text__custom brz-css-d-richtext brz-css-1jiiwow\" data-brz-custom-id=\"gpzl_rfMLACD\">\n<div data-brz-translate-text=\"1\">\n<h1 data-generated-css=\"brz-css-rOTM_\" data-uniq-id=\"a8v26\" class=\"brz-text-lg-center brz-ff-overpass brz-ft-google brz-fs-lg-20 brz-fss-lg-px brz-fw-lg-700 brz-ls-lg-0 brz-lh-lg-1_8 brz-vfw-lg-400 brz-fwdth-lg-100 brz-fsft-lg-0 brz-tp-lg-heading1 brz-css-aQf8d\"><span class=\"brz-cp-color2\" style=\"color: rgba(var(--brz-global-color2),1);\">Counselling<\/span><\/h1>\n<\/div>\n<\/div>\n<\/div>\n<div id=\"\" class=\"brz-css-d-wrapper brz-css-1tvxev0 brz-wrapper\">\n<div class=\"brz-rich-text brz-rich-text__custom brz-css-d-richtext brz-css-rdg8jm\" data-brz-custom-id=\"yIXOrzvQlTin\">\n<div data-brz-translate-text=\"1\">\n<p class=\"brz-text-lg-center brz-fss-lg-px brz-fw-lg-700 brz-ls-lg-0 brz-lh-lg-1_8 brz-vfw-lg-400 brz-fwdth-lg-100 brz-fsft-lg-0 brz-tp-lg-empty brz-ff-overpass brz-ft-google brz-fs-lg-20 brz-css-mQtn5\" data-generated-css=\"brz-css-rOTM_\" data-uniq-id=\"a8v26\"><span class=\"brz-cp-color2\" style=\"color: rgba(var(--brz-global-color2),1);\">Cli\u00ebnt gerichte therapie \/ coaching<\/span><\/p>\n<\/div>\n<\/div>\n<\/div>\n<div id=\"\" class=\"brz-css-d-wrapper brz-css-1nb4z09 brz-wrapper\">\n<div class=\"brz-rich-text brz-rich-text__custom brz-css-d-richtext brz-css-u3uqsn\" data-brz-custom-id=\"m2XIjKQdhve1\">\n<div data-brz-translate-text=\"1\">\n<p class=\"brz-mb-lg-40 brz-text-lg-center brz-tp-lg-paragraph brz-css-kMubV\" data-uniq-id=\"ptSUe\" data-generated-css=\"brz-css-xoW3e\"><span class=\"brz-cp-color2\" style=\"color: rgba(var(--brz-global-color2),1);\">Bij Relatiegeluk kun je jouw verhaal kwijt. Ik luister echt naar je. Tijdens de gesprekken help ik je om weer overzicht te krijgen. Met gerichte vragen en nieuwe inzichten kun je met een frisse blik naar je situatie kijken. Zo wordt duidelijk wat je anders wilt \u00e9n hoe je dat kunt aanpakken. Soms is \u00e9\u00e9n gesprek al voldoende om weer verder te kunnen, en soms zijn meerdere sessies wenselijk om jouw doelen te bereiken. De gesprekken vinden plaats op locatie in <\/span><a class=\"link--page brz-cp-color2\" style=\"color: rgba(var(--brz-global-color2),1);\" href=\"https:\/\/praktijkrelatiegeluk.nl\/index.php\/oosterhout\/\" data-brz-link-type=\"page\">Oosterhout,<\/a><span class=\"brz-cp-color2 brz-span\" style=\"color: rgba(var(--brz-global-color2),1);\"> omgeving Breda.<\/span><\/p>\n<\/div>\n<\/div>\n<\/div>\n<div class=\"brz-row__container brz-css-d-row-row brz-css-rfnved\" data-brz-custom-id=\"bf8V7iTCUXNC\">\n<div class=\"brz-row brz-css-d-row-container brz-css-r-row-container brz-css-1793r4v\">\n<div class=\"brz-columns brz-css-d-column-column brz-css-w6afl8\" data-brz-custom-id=\"aky9pQFE6iAv\">\n<div class=\"brz-column__items brz-css-d-column-bg brz-css-10pp18i\">\n<div id=\"\" class=\"brz-css-d-wrapper brz-css-f20nrr brz-wrapper\">\n<div class=\"brz-image brz-css-d-image-kahneo4d8o0r-parent brz-css-5iw5md\" data-brz-custom-id=\"kahnEo4d8o0r\"><picture class=\"brz-picture brz-d-block brz-p-relative brz-css-d-image-kahneo4d8o0r-picture brz-css-1iz8kzs\"><source srcset=\"https:\/\/praktijkrelatiegeluk.nl\/wp-content\/uploads\/brizy\/imgs\/relatie-counselling-457x304x0x0x457x234x1737543178.jpg 1x, https:\/\/praktijkrelatiegeluk.nl\/wp-content\/uploads\/brizy\/imgs\/relatie-counselling-914x608x0x0x914x468x1737543178.jpg 2x\" media=\"(min-width: 992px)\"><source srcset=\"https:\/\/praktijkrelatiegeluk.nl\/wp-content\/uploads\/brizy\/imgs\/relatie-counselling-316x210x0x0x316x162x1737543178.jpg 1x, https:\/\/praktijkrelatiegeluk.nl\/wp-content\/uploads\/brizy\/imgs\/relatie-counselling-632x420x0x0x632x324x1737543178.jpg 2x\" media=\"(min-width: 768px)\"><img decoding=\"async\" class=\"brz-img\" srcset=\"https:\/\/praktijkrelatiegeluk.nl\/wp-content\/uploads\/brizy\/imgs\/relatie-counselling-347x231x0x0x347x178x1737543178.jpg 1x, https:\/\/praktijkrelatiegeluk.nl\/wp-content\/uploads\/brizy\/imgs\/relatie-counselling-694x462x0x0x694x356x1737543178.jpg 2x\" src=\"https:\/\/praktijkrelatiegeluk.nl\/wp-content\/uploads\/brizy\/imgs\/relatie-counselling-457x304x0x0x457x234x1737543178.jpg\" loading=\"lazy\" alt=\"Relatie Counselling header\" title=\"relatie-counselling\" draggable=\"false\"><\/picture><\/div>\n<\/div>\n<div id=\"\" class=\"brz-css-d-wrapper brz-css-tz2855 brz-wrapper\">\n<div class=\"brz-rich-text brz-rich-text__custom brz-css-d-richtext brz-css-ct2n4k\" data-brz-custom-id=\"oc7RS9NwNbI1\">\n<div data-brz-translate-text=\"1\">\n<h3 data-uniq-id=\"cdZjv\" data-generated-css=\"brz-css-dxTNz\" class=\"brz-tp-lg-heading3 brz-css-jSKNG\"><span class=\"brz-cp-color2\">Relatie Counselling<\/span><\/h3>\n<\/div>\n<\/div>\n<\/div>\n<div id=\"\" class=\"brz-css-d-wrapper brz-css-cer6zm brz-wrapper\">\n<div class=\"brz-rich-text brz-rich-text__custom brz-css-d-richtext brz-css-e7pg2x\" data-brz-custom-id=\"yPyu4BQ1sAwZ\">\n<div data-brz-translate-text=\"1\">\n<p class=\"brz-tp-lg-paragraph brz-css-lsyaF\" data-generated-css=\"brz-css-r5vfJ\" data-uniq-id=\"z6uys\"><span style=\"color: rgba(var(--brz-global-color2),1);\" class=\"brz-cp-color2\">Een relatie kan een enorme steun en bron van vreugde zijn. Als je als partners er voor elkaar kan zijn, als jullie elkaar aanvullen en je op elkaar terug kan vallen. Helaas kan de relatie ook voor veel stress en onzekerheid zorgen. Loopt jullie relatie niet zoals jullie graag zouden willen? <\/span><\/p>\n<\/div>\n<\/div>\n<\/div>\n<div id=\"\" class=\"brz-css-d-wrapper brz-css-3cioxd brz-wrapper\">\n<div class=\"brz-rich-text brz-rich-text__custom brz-css-d-richtext brz-css-xaqvhz\" data-brz-custom-id=\"ouwhfiPhAS6t\">\n<div data-brz-translate-text=\"1\">\n<p data-uniq-id=\"zxN8r\" data-generated-css=\"brz-css-aJhaD\" class=\"brz-tp-lg-empty brz-ff-overpass brz-ft-google brz-fs-lg-18 brz-fss-lg-px brz-fw-lg-400 brz-ls-lg-0 brz-lh-lg-1_9 brz-vfw-lg-400 brz-fwdth-lg-100 brz-fsft-lg-0 brz-css-vz_u2\"><a class=\"brz-cp-color2 brz-italic-true link--page\" style=\"color: rgba(var(--brz-global-color2),1);\" href=\"https:\/\/praktijkrelatiegeluk.nl\/index.php\/relatiecounselling\/\" data-brz-link-type=\"page\"><em>Lees meer &gt;<\/em><\/a><\/p>\n<\/div>\n<\/div>\n<\/div>\n<\/div>\n<\/div>\n<div class=\"brz-columns brz-css-d-column-column brz-css-kf7y0o\" data-brz-custom-id=\"jmA3_IvTsThj\">\n<div class=\"brz-column__items brz-css-d-column-bg brz-css-2aw2mf\">\n<div id=\"\" class=\"brz-css-d-wrapper brz-css-8vr3u3 brz-wrapper\">\n<div class=\"brz-image brz-css-d-image-mdukyakdg33_-parent brz-css-ceckdj\" data-brz-custom-id=\"mdUkyaKDG33_\"><picture class=\"brz-picture brz-d-block brz-p-relative brz-css-d-image-mdukyakdg33_-picture brz-css-1wi107x\"><source srcset=\"https:\/\/praktijkrelatiegeluk.nl\/wp-content\/uploads\/brizy\/imgs\/individueel-457x304x0x0x457x231x1737543312.jpg 1x, https:\/\/praktijkrelatiegeluk.nl\/wp-content\/uploads\/brizy\/imgs\/individueel-914x608x0x0x914x462x1737543312.jpg 2x\" media=\"(min-width: 992px)\"><source srcset=\"https:\/\/praktijkrelatiegeluk.nl\/wp-content\/uploads\/brizy\/imgs\/individueel-316x210x0x0x316x160x1737543312.jpg 1x, https:\/\/praktijkrelatiegeluk.nl\/wp-content\/uploads\/brizy\/imgs\/individueel-632x420x0x0x632x320x1737543312.jpg 2x\" media=\"(min-width: 768px)\"><img decoding=\"async\" class=\"brz-img\" srcset=\"https:\/\/praktijkrelatiegeluk.nl\/wp-content\/uploads\/brizy\/imgs\/individueel-347x231x0x0x347x176x1737543312.jpg 1x, https:\/\/praktijkrelatiegeluk.nl\/wp-content\/uploads\/brizy\/imgs\/individueel-694x462x0x0x694x352x1737543312.jpg 2x\" src=\"https:\/\/praktijkrelatiegeluk.nl\/wp-content\/uploads\/brizy\/imgs\/individueel-457x304x0x0x457x231x1737543312.jpg\" loading=\"lazy\" alt=\"\" title=\"individueel\" draggable=\"false\"><\/picture><\/div>\n<\/div>\n<div id=\"\" class=\"brz-css-d-wrapper brz-css-1oyn65f brz-wrapper\">\n<div class=\"brz-rich-text brz-rich-text__custom brz-css-d-richtext brz-css-1qdyfli\" data-brz-custom-id=\"zzTU6r_dsAMs\">\n<div data-brz-translate-text=\"1\">\n<h3 data-uniq-id=\"cJn2V\" data-generated-css=\"brz-css-huh7d\" class=\"brz-tp-lg-heading3 brz-css-iOMFG\"><span class=\"brz-cp-color2\">Individuele Counselling<\/span><\/h3>\n<\/div>\n<\/div>\n<\/div>\n<div id=\"\" class=\"brz-css-d-wrapper brz-css-kllowa brz-wrapper\">\n<div class=\"brz-rich-text brz-rich-text__custom brz-css-d-richtext brz-css-1sh0yme\" data-brz-custom-id=\"p0aIJ7c6PHv5\">\n<div data-brz-translate-text=\"1\">\n<p class=\"brz-tp-lg-paragraph brz-css-zaXXd\" data-generated-css=\"brz-css-w0M_v\" data-uniq-id=\"qekCp\"><span style=\"color: rgba(var(--brz-global-color2),1);\" class=\"brz-cp-color2\">Zit je niet lekker in je vel? Heb je iets meegemaakt wat je dwars blijft zitten? Ervaar je veel stress? Wil je gewoon meer plezier en geluk in jouw leven? Weet je niet goed wat je wil? Wil je onderzoeken waarom relaties zo moeizaam verlopen? Bij deze en nog veel meer vragen kan counselling helpen.<\/span><\/p>\n<\/div>\n<\/div>\n<\/div>\n<div id=\"\" class=\"brz-css-d-wrapper brz-css-11gda1v brz-wrapper\">\n<div class=\"brz-rich-text brz-rich-text__custom brz-css-d-richtext brz-css-1xzgjeg\" data-brz-custom-id=\"wbPXIb9mx9LQ\">\n<div data-brz-translate-text=\"1\">\n<p class=\"brz-fsft-lg-0 brz-fwdth-lg-100 brz-vfw-lg-400 brz-lh-lg-1_9 brz-ls-lg-0 brz-fw-lg-400 brz-fss-lg-px brz-fs-lg-18 brz-ft-google brz-ff-overpass brz-tp-lg-empty brz-css-uyykX\" data-generated-css=\"brz-css-y2ic0\" data-uniq-id=\"gFfJH\"><a class=\"brz-italic-true brz-cp-color2 link--page\" style=\"color: rgba(var(--brz-global-color2),1);\" href=\"https:\/\/praktijkrelatiegeluk.nl\/index.php\/counselling\/\" data-brz-link-type=\"page\"><em>Lees meer &gt;<\/em><\/a><\/p>\n<\/div>\n<\/div>\n<\/div>\n<\/div>\n<\/div>\n<\/div>\n<\/div>\n<\/div>\n<\/div>\n<\/section>\n<section id=\"g_jAWMaglHAL_g_jAWMaglHAL\" class=\"brz-section brz-css-d-section brz-css-sjq3sh\">\n<div class=\"brz-section__content brz-section--boxed brz-css-d-sectionitem-bg brz-css-7xtkg5\" data-brz-custom-id=\"z_dW0NE8pCaL\">\n<div class=\"brz-bg\">\n<div class=\"brz-bg-color\"><\/div>\n<div class=\"brz-bg-shape brz-bg-shape__top\"><\/div>\n<div class=\"brz-bg-shape brz-bg-shape__bottom\"><\/div>\n<\/div>\n<div class=\"brz-container brz-css-d-sectionitem-container brz-css-1vf7kb7\">\n<div class=\"brz-row__container brz-css-d-row-row brz-css-1uafvvq\" data-brz-custom-id=\"kv1R9iCxqoYD\">\n<div class=\"brz-row brz-css-d-row-container brz-css-dqm67x\">\n<div class=\"brz-columns brz-css-d-column-column brz-css-wap85j\" data-brz-custom-id=\"dZ8htvWdWs5N\">\n<div class=\"brz-column__items brz-css-d-column-bg brz-css-c83x01\">\n<div id=\"\" class=\"brz-css-d-wrapper brz-css-15f5ktn brz-wrapper\">\n<div class=\"brz-rich-text brz-rich-text__custom brz-css-d-richtext brz-css-42ztk4\" data-brz-custom-id=\"tCsVTZfEVeHk\">\n<div data-brz-translate-text=\"1\">\n<p class=\"brz-text-lg-center brz-tp-lg-empty brz-ff-overpass brz-ft-google brz-fs-lg-20 brz-fss-lg-px brz-fw-lg-400 brz-ls-lg-0 brz-lh-lg-1_9 brz-vfw-lg-400 brz-fwdth-lg-100 brz-fsft-lg-0 brz-css-w9cLC\" data-generated-css=\"brz-css-yIMwt\" data-uniq-id=\"gFWMP\"><em class=\"brz-cp-color6 brz-italic-true\" style=\"color: rgba(var(--brz-global-color6),1);\">Counselling is laagdrempelig, kortdurend en heeft een duurzaam effect. Je hebt geen verwijzing of diagnose nodig. <\/em><\/p>\n<p class=\"brz-text-lg-center brz-tp-lg-empty brz-ff-overpass brz-ft-google brz-fs-lg-20 brz-fss-lg-px brz-fw-lg-400 brz-ls-lg-0 brz-lh-lg-1_9 brz-vfw-lg-400 brz-fwdth-lg-100 brz-fsft-lg-0 brz-css-m5Peb\" data-generated-css=\"brz-css-yIMwt\" data-uniq-id=\"gFWMP\"><em class=\"brz-cp-color6 brz-italic-true\" style=\"color: rgba(var(--brz-global-color6),1);\">Counselling biedt een veilige, open en ondersteunende ruimte waarin je kunt onderzoeken wat er speelt en wat je nodig hebt. Samen werken we aan inzichten, praktische tools en een sterker gevoel van veerkracht en zelfvertrouwen.<\/em><\/p>\n<p class=\"brz-text-lg-center brz-tp-lg-empty brz-ff-overpass brz-ft-google brz-fs-lg-20 brz-fss-lg-px brz-fw-lg-400 brz-ls-lg-0 brz-lh-lg-1_9 brz-vfw-lg-400 brz-fwdth-lg-100 brz-fsft-lg-0 brz-css-zvwZw\" data-generated-css=\"brz-css-us5UW\" data-uniq-id=\"zwl6n\"><span style=\"color: rgba(var(--brz-global-color6),1);\" class=\"brz-cp-color6\">Of je nu je relatie wilt verbeteren, jezelf beter wilt leren begrijpen, of een uitdagende periode wilt doorbreken \u2013 counselling helpt je op weg naar een leven in balans en met meer verbinding.<\/span><\/p>\n<\/div>\n<\/div>\n<\/div>\n<\/div>\n<\/div>\n<\/div>\n<\/div>\n<\/div>\n<\/div>\n<\/section>\n<section id=\"e7j_zxesbtCv_e7j_zxesbtCv\" class=\"brz-section brz-css-d-section brz-css-xzi9jg\">\n<div class=\"brz-section__content brz-section--boxed brz-css-d-sectionitem-bg brz-css-u9ksek\" data-brz-custom-id=\"muJHHjQc3yQY\">\n<div class=\"brz-bg\">\n<div class=\"brz-bg-color\"><\/div>\n<\/div>\n<div class=\"brz-container brz-css-d-sectionitem-container brz-css-1f5evcw\">\n<div id=\"\" class=\"brz-css-d-wrapper brz-css-1ur8lm7 brz-wrapper\">\n<div class=\"brz-rich-text brz-rich-text__custom brz-css-d-richtext brz-css-4q9xyk\" data-brz-custom-id=\"yRAV64vp2S5G\">\n<div data-brz-translate-text=\"1\">\n<h2 class=\"brz-fsft-lg-0 brz-fwdth-lg-100 brz-vfw-lg-400 brz-lh-lg-1_8 brz-ls-lg-0 brz-fw-lg-700 brz-fss-lg-px brz-fs-lg-20 brz-ft-google brz-ff-overpass brz-text-lg-center brz-tp-lg-heading2 brz-css-cMfST\" data-uniq-id=\"ew15c\" data-generated-css=\"brz-css-lDre6\"><span class=\"brz-cp-color2\" style=\"color: rgba(var(--brz-global-color2),1);\">Missie<\/span><\/h2>\n<\/div>\n<\/div>\n<\/div>\n<div id=\"\" class=\"brz-css-d-wrapper brz-css-4fhts9 brz-wrapper\">\n<div class=\"brz-rich-text brz-rich-text__custom brz-css-d-richtext brz-css-i5bml8\" data-brz-custom-id=\"iPf0vWdkWQvp\">\n<div data-brz-translate-text=\"1\">\n<p class=\"brz-fs-lg-18 brz-ft-google brz-ff-overpass brz-tp-lg-empty brz-fsft-lg-0 brz-fwdth-lg-100 brz-vfw-lg-400 brz-lh-lg-1_9 brz-ls-lg-0 brz-fw-lg-400 brz-fss-lg-px brz-text-lg-center brz-css-vMy6P\" data-generated-css=\"brz-css-obKKp\" data-uniq-id=\"nWeOi\"><span class=\"brz-cp-color2\" style=\"color: rgba(var(--brz-global-color2),1);\">Relatiegeluk gelooft dat het leuker kan en makkelijker en heel veel gezelliger. Er is meer dan genoeg liefde in de wereld en toch zijn er mensen die zich eenzaam, niet gezien en niet begrepen voelen. Er zijn gezinnen waar er meer ruzie en gemopper dan vrolijkheid te vinden is. En onze innerlijke gesprekken zijn vaak doordrongen van verwijten, schaamte en kritiek. <\/span><\/p>\n<\/div>\n<\/div>\n<\/div>\n<div class=\"brz-row__container brz-css-d-row-row brz-css-2quxv8\" data-brz-custom-id=\"uCEXMkcb2xYw\">\n<div class=\"brz-row brz-css-d-row-container brz-css-chmotp\">\n<div class=\"brz-columns brz-css-d-column-column brz-css-1mqjd7s\" data-brz-custom-id=\"pecHoQCW2JRB\">\n<div class=\"brz-column__items brz-css-d-column-bg brz-css-6aqkad\">\n<div id=\"\" class=\"brz-css-d-wrapper brz-css-ue051f brz-wrapper\">\n<div class=\"brz-rich-text brz-rich-text__custom brz-css-d-richtext brz-css-173qlmy\" data-brz-custom-id=\"bLs5qzIOvoz1\">\n<div data-brz-translate-text=\"1\">\n<p class=\"brz-tp-lg-paragraph brz-css-wgq1v\" data-generated-css=\"brz-css-ydzIw\" data-uniq-id=\"ssx6S\"><span class=\"brz-cp-color2\" style=\"color: rgba(var(--brz-global-color2),1);\">Dit kan echt anders. Door onze kijk op relaties en communicatie te veranderen en onszelf ruimte te geven voor onze gevoelens en behoeften kan het leven een stuk leuker worden. Ik gun partners dat ze steun en vertrouwen bij elkaar vinden, ik gun ouders een liefdevolle band met hun kinderen, ik gun kinderen een superpapa en een supermama en ik gun iedereen dat de innerlijke stemmen liever voor je zijn.<\/span><\/p>\n<\/div>\n<\/div>\n<\/div>\n<div id=\"\" class=\"brz-css-d-wrapper brz-css-mohvdh brz-wrapper\">\n<div class=\"brz-rich-text brz-rich-text__custom brz-css-d-richtext brz-css-5c074u\" data-brz-custom-id=\"g2nWgc_yK1di\">\n<div data-brz-translate-text=\"1\">\n<p class=\"brz-tp-lg-paragraph brz-css-r62xs\" data-generated-css=\"brz-css-iMNle\" data-uniq-id=\"fce7f\"><span class=\"brz-cp-color2\" style=\"color: rgba(var(--brz-global-color2),1);\">Bij Relatiegeluk in Oosterhout help ik je graag op weg. In de gesprekken gaan we samen op zoek naar jouw behoeften \u2014 \u00e9n die van de mensen om je heen. We ruimen innerlijke obstakels op, zodat de liefde weer kan stromen.<\/span><\/p>\n<\/div>\n<\/div>\n<\/div>\n<\/div>\n<\/div>\n<div class=\"brz-columns brz-css-d-column-column brz-css-1w3td4j\" data-brz-custom-id=\"oHOyVpkuTYcj\">\n<div class=\"brz-column__items brz-css-d-column-bg brz-css-fdhmk5\">\n<div id=\"\" class=\"brz-css-d-wrapper brz-css-7gcboa brz-wrapper\">\n<div class=\"brz-image brz-css-d-image-weayzkmp3ewl-parent brz-css-w2g7c6\" data-brz-custom-id=\"weAYzkMP3ewl\"><picture class=\"brz-picture brz-d-block brz-p-relative brz-css-d-image-weayzkmp3ewl-picture brz-css-16vowff\"><source srcset=\"https:\/\/praktijkrelatiegeluk.nl\/wp-content\/uploads\/2025\/01\/zonsondergang-happy.jpg 1x, https:\/\/praktijkrelatiegeluk.nl\/wp-content\/uploads\/2025\/01\/zonsondergang-happy.jpg 2x\" media=\"(min-width: 992px)\"><source srcset=\"https:\/\/praktijkrelatiegeluk.nl\/wp-content\/uploads\/2025\/01\/zonsondergang-happy.jpg 1x, https:\/\/praktijkrelatiegeluk.nl\/wp-content\/uploads\/2025\/01\/zonsondergang-happy.jpg 2x\" media=\"(min-width: 768px)\"><img decoding=\"async\" class=\"brz-img\" srcset=\"https:\/\/praktijkrelatiegeluk.nl\/wp-content\/uploads\/2025\/01\/zonsondergang-happy.jpg 1x, https:\/\/praktijkrelatiegeluk.nl\/wp-content\/uploads\/2025\/01\/zonsondergang-happy.jpg 2x\" src=\"https:\/\/praktijkrelatiegeluk.nl\/wp-content\/uploads\/2025\/01\/zonsondergang-happy.jpg\" loading=\"lazy\" alt=\"\" title=\"zonsondergang-happy\" draggable=\"false\"><\/picture><\/div>\n<\/div>\n<\/div>\n<\/div>\n<\/div>\n<\/div>\n<\/div>\n<\/div>\n<\/section>\n<section id=\"k8ON4XB5_FUu_k8ON4XB5_FUu\" class=\"brz-section brz-css-d-section brz-css-bggiox\">\n<div class=\"brz-section__content brz-section--boxed brz-css-d-sectionitem-bg brz-css-1132ahn\" data-brz-custom-id=\"yvUBY1N5yBC6\">\n<div class=\"brz-bg\">\n<div class=\"brz-bg-color\"><\/div>\n<\/div>\n<div class=\"brz-container brz-css-d-sectionitem-container brz-css-klhljh\">\n<div id=\"\" class=\"brz-css-d-wrapper brz-css-13x5fes brz-wrapper\">\n<div class=\"brz-rich-text brz-rich-text__custom brz-css-d-richtext brz-css-1t6yp7x\" data-brz-custom-id=\"cbADQzCumnCV\">\n<div data-brz-translate-text=\"1\">\n<h2 class=\"brz-text-lg-center brz-tp-lg-heading2 brz-css-eBKgS\" data-uniq-id=\"ahtcC\" data-generated-css=\"brz-css-loZcT\"><span class=\"brz-cp-color2\">Enthousiast geworden?<\/span><\/h2>\n<\/div>\n<\/div>\n<\/div>\n<div id=\"\" class=\"brz-css-d-wrapper brz-css-r-wrapper brz-css-51zra2 brz-wrapper\">\n<div class=\"brz-spacer brz-css-d-spacer brz-css-1meuxrw\"><\/div>\n<\/div>\n<div class=\"brz-wrapper-clone brz-flex-xs-wrap brz-css-d-cloneable brz-css-xoptdh\" data-brz-custom-id=\"hvJRYKsY9SqB\">\n<div class=\"brz-hover-animation__container\" data-brz-hover-animationid=\"hvJRYKsY9SqB\" data-brz-hover-options=\"%7B%22fill%22:%22forwards%22,%22easing%22:%22ease%22,%22duration%22:600,%22iterations%22:1%7D\" data-brz-hover-reversible=\"false\" data-brz-hover-target=\"%22firstChild%22\" data-brz-hover-animation=\"%5B%7B%22WebkitTransform%22:%22scale(1.1)%22,%22transform%22:%22scale(1.1)%22,%22offset%22:0.25%7D,%7B%22WebkitTransform%22:%22scale(0.9)%22,%22transform%22:%22scale(0.9)%22,%22offset%22:0.75%7D%5D\"><a class=\"brz-a brz-btn brz-css-d-button brz-css-m4jgdq brz-css-d-button-bg brz-css-1vdbvz4\" target=\"_self\" rel=\"noopener\" href=\"#nDsbkoavNH8q\" data-brz-link-type=\"popup\" aria-haspopup=\"dialog\" aria-controls=\"nDsbkoavNH8q\" data-brz-custom-id=\"qgWhdeJOOi3x\"><span data-brz-translate-text=\"1\" class=\"brz-span brz-text__editor\">Neem contact op!<\/span><\/a><\/div>\n<\/div>\n<\/div>\n<\/div>\n<\/section><\/div>\n<p><!-- version:1776240200 --><\/p>\n","protected":false},"excerpt":{"rendered":"<p>Counselling Cli\u00ebnt gerichte therapie \/ coaching Bij Relatiegeluk kun je jouw verhaal kwijt. Ik luister echt naar je. Tijdens de gesprekken help ik je om weer overzicht te krijgen. Met gerichte vragen en nieuwe inzichten kun je met een frisse blik naar je situatie kijken. Zo wordt duidelijk wat je anders wilt \u00e9n hoe je [&hellip;]<\/p>\n","protected":false},"author":1,"featured_media":0,"parent":0,"menu_order":0,"comment_status":"closed","ping_status":"closed","template":"brizy-blank-template.php","meta":{"footnotes":""},"class_list":["post-8","page","type-page","status-publish","hentry"],"blocksy_meta":[],"brizy_media":[{"id":82,"url":"https:\/\/praktijkrelatiegeluk.nl\/wp-content\/uploads\/2025\/01\/d03-Img-Candy-machine.jpg","name":"d03-Img-Candy-machine.jpg","meta":{"brizy_attachment_uid":"d03-Img-Candy-machine.jpg","brizy_post_uid":["3d59d3239506818c67518c651f512ac5","5bc29375b459b85c85fe332ae9f907a6"]}},{"id":83,"url":"https:\/\/praktijkrelatiegeluk.nl\/wp-content\/uploads\/2025\/01\/d03-Img-Clock.jpg","name":"d03-Img-Clock.jpg","meta":{"brizy_attachment_uid":"d03-Img-Clock.jpg","brizy_post_uid":["40655817a8c89fddd2286f295471ae54","3d59d3239506818c67518c651f512ac5","5bc29375b459b85c85fe332ae9f907a6"]}},{"id":150,"url":"https:\/\/praktijkrelatiegeluk.nl\/wp-content\/uploads\/2025\/01\/Logo-Square-Tekst-Transparent.webp","name":"Logo-Square-Tekst-Transparent.webp","meta":{"brizy_attachment_uid":"wp-6b56273c8720a47607138d6111974974.webp","brizy_post_uid":["40655817a8c89fddd2286f295471ae54","3d59d3239506818c67518c651f512ac5","5bc29375b459b85c85fe332ae9f907a6"]}},{"id":772,"url":"https:\/\/praktijkrelatiegeluk.nl\/wp-content\/uploads\/2025\/01\/relatie-counselling.jpg","name":"relatie-counselling.jpg","meta":{"brizy_attachment_uid":"wp-1e6179836eb3b7091e99f85a012a336c.jpg","brizy_post_uid":["3d59d3239506818c67518c651f512ac5"]}},{"id":777,"url":"https:\/\/praktijkrelatiegeluk.nl\/wp-content\/uploads\/2025\/01\/individueel.jpg","name":"individueel.jpg","meta":{"brizy_attachment_uid":"wp-a30f785b5606a9c637a55b597938cd26.jpg","brizy_post_uid":["3d59d3239506818c67518c651f512ac5"]}},{"id":792,"url":"https:\/\/praktijkrelatiegeluk.nl\/wp-content\/uploads\/2025\/01\/zonsondergang-happy.jpg","name":"zonsondergang-happy.jpg","meta":{"brizy_attachment_uid":"wp-3b68d75de45d912eeca3b676dbed8872.jpg","brizy_post_uid":["3d59d3239506818c67518c651f512ac5"]}}],"_links":{"self":[{"href":"https:\/\/praktijkrelatiegeluk.nl\/index.php\/wp-json\/wp\/v2\/pages\/8","targetHints":{"allow":["GET"]}}],"collection":[{"href":"https:\/\/praktijkrelatiegeluk.nl\/index.php\/wp-json\/wp\/v2\/pages"}],"about":[{"href":"https:\/\/praktijkrelatiegeluk.nl\/index.php\/wp-json\/wp\/v2\/types\/page"}],"author":[{"embeddable":true,"href":"https:\/\/praktijkrelatiegeluk.nl\/index.php\/wp-json\/wp\/v2\/users\/1"}],"replies":[{"embeddable":true,"href":"https:\/\/praktijkrelatiegeluk.nl\/index.php\/wp-json\/wp\/v2\/comments?post=8"}],"version-history":[{"count":30,"href":"https:\/\/praktijkrelatiegeluk.nl\/index.php\/wp-json\/wp\/v2\/pages\/8\/revisions"}],"predecessor-version":[{"id":2094,"href":"https:\/\/praktijkrelatiegeluk.nl\/index.php\/wp-json\/wp\/v2\/pages\/8\/revisions\/2094"}],"wp:attachment":[{"href":"https:\/\/praktijkrelatiegeluk.nl\/index.php\/wp-json\/wp\/v2\/media?parent=8"}],"curies":[{"name":"wp","href":"https:\/\/api.w.org\/{rel}","templated":true}]}}